{"id":3886,"date":"2025-09-05T10:14:31","date_gmt":"2025-09-05T08:14:31","guid":{"rendered":"https:\/\/www.aisearchaudit.ai\/accessibilita\/"},"modified":"2025-11-26T11:55:26","modified_gmt":"2025-11-26T10:55:26","slug":"accessibilita","status":"publish","type":"page","link":"https:\/\/www.aisearchaudit.ai\/it\/accessibilita\/","title":{"rendered":"Accessibilit\u00e0"},"content":{"rendered":"\n<div class=\"wp-block-group alignwide has-background-primary-color has-text-color has-background has-link-color pt__12 pb__12 wp-elements-c45ea24fc21c2761b5f34425ff3f3b4b has-global-padding is-layout-constrained wp-container-core-group-is-layout-1e397674 wp-block-group-is-layout-constrained\" style=\"background:linear-gradient(135deg,rgb(229,83,143) 0%,rgb(0,27,202) 100%)\">\n<div class=\"wp-block-columns is-layout-flex wp-container-core-columns-is-layout-6a6fa3f6 wp-block-columns-is-layout-flex\">\n<div class=\"wp-block-column is-vertically-aligned-center is-layout-flow wp-block-column-is-layout-flow\" style=\"flex-basis:33.34%\">\n<h1 class=\"wp-block-heading has-text-align-left has-text-xxxl-font-size pb__8\">L&#8217;accessibilit\u00e0 ci sta a cuore<\/h1>\n<\/div>\n\n\n\n<div class=\"wp-block-column is-layout-flow wp-block-column-is-layout-flow\" style=\"flex-basis:33.34%\">\n<p class=\"pt__4 pb__4\">Sappiamo che il nostro focus attuale \u00e8 un altro, ma crediamo che un web pi\u00f9 accessibile sia un web migliore per tutti.<\/p>\n\n\n\n<p class=\"has-text-align-left pt__4 pb__8\">Ecco perch\u00e9 stiamo lavorando a una nuova funzionalit\u00e0: l&#8217;<strong>Audit di Accessibilit\u00e0<\/strong>, progettato per aiutare i siti web a diventare pi\u00f9 inclusivi e facili da usare per tutti.<\/p>\n<\/div>\n\n\n\n<div class=\"wp-block-column is-layout-flow wp-block-column-is-layout-flow\" style=\"flex-basis:33.33%\">\n<figure class=\"wp-block-image size-large\"><img loading=\"lazy\" decoding=\"async\" width=\"1024\" height=\"578\" src=\"https:\/\/www.aisearchaudit.ai\/wp-content\/uploads\/2025\/09\/accessibility-1024x578.png\" alt=\"\" class=\"wp-image-1982\" srcset=\"https:\/\/www.aisearchaudit.ai\/wp-content\/uploads\/2025\/09\/accessibility-1024x578.png 1024w, https:\/\/www.aisearchaudit.ai\/wp-content\/uploads\/2025\/09\/accessibility-300x169.png 300w, https:\/\/www.aisearchaudit.ai\/wp-content\/uploads\/2025\/09\/accessibility-768x433.png 768w, https:\/\/www.aisearchaudit.ai\/wp-content\/uploads\/2025\/09\/accessibility-1536x867.png 1536w, https:\/\/www.aisearchaudit.ai\/wp-content\/uploads\/2025\/09\/accessibility-600x339.png 600w, https:\/\/www.aisearchaudit.ai\/wp-content\/uploads\/2025\/09\/accessibility.png 1850w\" sizes=\"auto, (max-width: 1024px) 100vw, 1024px\" \/><\/figure>\n<\/div>\n<\/div>\n<\/div>\n\n\n\n<div class=\"wp-block-group alignwide has-background-primary-background-color has-background pt__14 pb__14 wp-elements-7e799467ecb8fb27233d7ce5c93479c0 has-global-padding is-layout-constrained wp-container-core-group-is-layout-4383d167 wp-block-group-is-layout-constrained\">\n<div class=\"wp-block-columns is-layout-flex wp-container-core-columns-is-layout-cf1b7508 wp-block-columns-is-layout-flex\">\n<div class=\"wp-block-column is-layout-flow wp-block-column-is-layout-flow\" style=\"flex-basis:33.33%\">\n<h2 class=\"wp-block-heading has-text-xxxl-font-size pb__8\">Perch\u00e9 ci teniamo<\/h2>\n\n\n\n<ul class=\"wp-block-list pb__10 pl__8\">\n<li>Non solo compliance normativa, ma una <strong>migliore esperienza utente per tutti<\/strong><\/li>\n\n\n\n<li>Non solo un obbligo, ma un&#8217;<strong>opportunit\u00e0 per innovazione e rafforzare la reputazione<\/strong><\/li>\n\n\n\n<li>Non solo numeri, ma <strong>persone e inclusione<\/strong><\/li>\n<\/ul>\n\n\n\n<h3 class=\"wp-block-heading form-rounded-form-fullwidth has-custom-text-color-primary-color has-text-color has-link-color pb__4 wp-elements-4984e80ae1926b9190ad51b94a075b91\">Vuoi aiutarci a migliorare?<\/h3>\n\n\n\n<p>Il nostro strumento \u00e8 ancora in fase di sviluppo e verr\u00e0 lanciato a breve.<\/p>\n\n\n\n<p><br>Nel frattempo, ci piacerebbe raccogliere feedback da coloro che, come noi, credono in un web senza barriere.<\/p>\n<\/div>\n\n\n\n<div class=\"wp-block-column is-layout-flow wp-block-column-is-layout-flow\" style=\"flex-basis:66.66%\">\n<h3 class=\"wp-block-heading has-custom-text-color-primary-color has-text-color has-link-color has-text-xl-font-size pb__4 wp-elements-ea950f1a4cfd4417a3d8afc9d026aae7\">Scrivici per provarlo come beta tester gratuito<\/h3>\n\n\n\n<p>Insieme, possiamo costruire un&#8217;esperienza digitale pi\u00f9 accessibile e inclusiva.<\/p>\n\n\n\n<div class=\"wp-block-contact-form-7-contact-form-selector form-rounded form-fullwidth\">\n<div class=\"wpcf7 no-js\" id=\"wpcf7-f4052-o1\" lang=\"it-IT\" dir=\"ltr\" data-wpcf7-id=\"4052\">\n<div class=\"screen-reader-response\"><p role=\"status\" aria-live=\"polite\" aria-atomic=\"true\"><\/p> <ul><\/ul><\/div>\n<form action=\"\/it\/wp-json\/wp\/v2\/pages\/3886#wpcf7-f4052-o1\" method=\"post\" class=\"wpcf7-form init\" aria-label=\"Modulo di contatto\" novalidate=\"novalidate\" data-status=\"init\">\n<fieldset class=\"hidden-fields-container\"><input type=\"hidden\" name=\"_wpcf7\" value=\"4052\" \/><input type=\"hidden\" name=\"_wpcf7_version\" value=\"6.1.5\" \/><input type=\"hidden\" name=\"_wpcf7_locale\" value=\"it_IT\" \/><input type=\"hidden\" name=\"_wpcf7_unit_tag\" value=\"wpcf7-f4052-o1\" \/><input type=\"hidden\" name=\"_wpcf7_container_post\" value=\"0\" \/><input type=\"hidden\" name=\"_wpcf7_posted_data_hash\" value=\"\" \/><input type=\"hidden\" name=\"_wpcf7_recaptcha_response\" value=\"\" \/>\n<\/fieldset>\n<p><label> Nome:<\/label><span class=\"wpcf7-form-control-wrap\" data-name=\"your-name\"><input size=\"40\" maxlength=\"400\" class=\"wpcf7-form-control wpcf7-text wpcf7-validates-as-required\" autocomplete=\"name\" aria-required=\"true\" aria-invalid=\"false\" placeholder=\"Il tuo nome\" value=\"\" type=\"text\" name=\"your-name\" \/><\/span>\n<\/p>\n<p><label> Cognome:<\/label><span class=\"wpcf7-form-control-wrap\" data-name=\"your-surname\"><input size=\"40\" maxlength=\"400\" class=\"wpcf7-form-control wpcf7-text wpcf7-validates-as-required\" autocomplete=\"surname\" aria-required=\"true\" aria-invalid=\"false\" placeholder=\"Il tuo cognome\" value=\"\" type=\"text\" name=\"your-surname\" \/><\/span>\n<\/p>\n<p><label> Email:<\/label><span class=\"wpcf7-form-control-wrap\" data-name=\"your-email\"><input size=\"40\" maxlength=\"400\" class=\"wpcf7-form-control wpcf7-email wpcf7-validates-as-required wpcf7-text wpcf7-validates-as-email\" autocomplete=\"email\" aria-required=\"true\" aria-invalid=\"false\" placeholder=\"La tua email\" value=\"\" type=\"email\" name=\"your-email\" \/><\/span>\n<\/p>\n<p><label> Paese:<\/label><span class=\"wpcf7-form-control-wrap\" data-name=\"your-country\"><input size=\"40\" maxlength=\"400\" class=\"wpcf7-form-control wpcf7-text wpcf7-validates-as-required\" autocomplete=\"country\" aria-required=\"true\" aria-invalid=\"false\" placeholder=\"Il tuo paese\" value=\"\" type=\"text\" name=\"your-country\" \/><\/span>\n<\/p>\n<p><label>Sito web:<\/label><span class=\"wpcf7-form-control-wrap\" data-name=\"your-website\"><input size=\"40\" maxlength=\"400\" class=\"wpcf7-form-control wpcf7-url wpcf7-validates-as-required wpcf7-text wpcf7-validates-as-url\" autocomplete=\"url\" aria-required=\"true\" aria-invalid=\"false\" placeholder=\"L&#039;URL del tuo sito web\" value=\"\" type=\"url\" name=\"your-website\" \/><\/span>\n<\/p>\n<p><label>Scrivi qui la tua domanda:<\/label><span class=\"wpcf7-form-control-wrap\" data-name=\"your-message\"><textarea cols=\"40\" rows=\"10\" maxlength=\"2000\" class=\"wpcf7-form-control wpcf7-textarea\" aria-invalid=\"false\" placeholder=\"Aggiungi testo\" name=\"your-message\"><\/textarea><\/span>\n<\/p>\n<p><span class=\"wpcf7-form-control-wrap\" data-name=\"acceptance\"><span class=\"wpcf7-form-control wpcf7-acceptance\"><span class=\"wpcf7-list-item\"><label><input type=\"checkbox\" name=\"acceptance\" value=\"1\" checked=\"checked\" aria-invalid=\"false\" \/><span class=\"wpcf7-list-item-label\">Acconsento al trattamento dei miei dati personali in conformit\u00e0 con l'<a href=\"\/privacy-policy\/\" target=\"_blank\"><u>Informativa sulla privacy<\/u><\/a>, il Regolamento UE 2016\/679 e il Decreto Legislativo 101\/2018 per le finalit\u00e0 indicate nell'informativa. Se questa casella non viene selezionata, non saremo in grado di elaborare la tua richiesta.<\/span><\/label><\/span><\/span><\/span>\n<\/p>\n<p style=\"float:right\"><input class=\"wpcf7-form-control wpcf7-submit has-spinner\" type=\"submit\" value=\"Invia\" \/>\n<\/p><div class=\"wpcf7-response-output\" aria-hidden=\"true\"><\/div>\n<\/form>\n<\/div>\n<\/div>\n<\/div>\n<\/div>\n<\/div>\n\n\n\n<p><\/p>\n","protected":false},"excerpt":{"rendered":"<p>L&#8217;accessibilit\u00e0 ci sta a cuore Sappiamo che il nostro focus attuale \u00e8 un altro, ma crediamo che un web pi\u00f9 accessibile sia un web migliore per tutti. Ecco perch\u00e9 stiamo lavorando a una nuova funzionalit\u00e0: l&#8217;Audit di Accessibilit\u00e0, progettato per aiutare i siti web a diventare pi\u00f9 inclusivi e facili da usare per tutti. Perch\u00e9 [&hellip;]<\/p>\n","protected":false},"author":1,"featured_media":0,"parent":0,"menu_order":0,"comment_status":"closed","ping_status":"closed","template":"header-footer","meta":{"footnotes":""},"class_list":["post-3886","page","type-page","status-publish","hentry"],"yoast_head":"<!-- This site is optimized with the Yoast SEO plugin v27.5 - https:\/\/yoast.com\/product\/yoast-seo-wordpress\/ -->\n<title>Accessibilit\u00e0 semplificata: ottimizzata per tutti | AI Search Audit<\/title>\n<meta name=\"description\" content=\"Impegno per l&#039;inclusione digitale. Scopri l&#039;accessibilit\u00e0 di AI Search Audit e la sua usabilit\u00e0 per tutti.\" \/>\n<meta name=\"robots\" content=\"index, follow, max-snippet:-1, max-image-preview:large, max-video-preview:-1\" \/>\n<link rel=\"canonical\" href=\"https:\/\/www.aisearchaudit.ai\/it\/accessibilita\/\" \/>\n<meta property=\"og:locale\" content=\"it_IT\" \/>\n<meta property=\"og:type\" content=\"article\" \/>\n<meta property=\"og:title\" content=\"Accessibilit\u00e0 semplificata: ottimizzata per tutti | AI Search Audit\" \/>\n<meta property=\"og:description\" content=\"Impegno per l&#039;inclusione digitale. Scopri l&#039;accessibilit\u00e0 di AI Search Audit e la sua usabilit\u00e0 per tutti.\" \/>\n<meta property=\"og:url\" content=\"https:\/\/www.aisearchaudit.ai\/it\/accessibilita\/\" \/>\n<meta property=\"og:site_name\" content=\"AI Search Audit\" \/>\n<meta property=\"article:modified_time\" content=\"2025-11-26T10:55:26+00:00\" \/>\n<meta property=\"og:image\" content=\"https:\/\/www.aisearchaudit.ai\/wp-content\/uploads\/2025\/09\/accessibility.png\" \/>\n\t<meta property=\"og:image:width\" content=\"1850\" \/>\n\t<meta property=\"og:image:height\" content=\"1044\" \/>\n\t<meta property=\"og:image:type\" content=\"image\/png\" \/>\n<meta name=\"twitter:card\" content=\"summary_large_image\" \/>\n<meta name=\"twitter:label1\" content=\"Tempo di lettura stimato\" \/>\n\t<meta name=\"twitter:data1\" content=\"1 minuto\" \/>\n<script type=\"application\/ld+json\" class=\"yoast-schema-graph\">{\"@context\":\"https:\\\/\\\/schema.org\",\"@graph\":[{\"@type\":\"WebPage\",\"@id\":\"https:\\\/\\\/www.aisearchaudit.ai\\\/it\\\/accessibilita\\\/\",\"url\":\"https:\\\/\\\/www.aisearchaudit.ai\\\/it\\\/accessibilita\\\/\",\"name\":\"Accessibilit\u00e0 semplificata: ottimizzata per tutti | AI Search Audit\",\"isPartOf\":{\"@id\":\"https:\\\/\\\/www.aisearchaudit.ai\\\/it\\\/#website\"},\"primaryImageOfPage\":{\"@id\":\"https:\\\/\\\/www.aisearchaudit.ai\\\/it\\\/accessibilita\\\/#primaryimage\"},\"image\":{\"@id\":\"https:\\\/\\\/www.aisearchaudit.ai\\\/it\\\/accessibilita\\\/#primaryimage\"},\"thumbnailUrl\":\"https:\\\/\\\/www.aisearchaudit.ai\\\/wp-content\\\/uploads\\\/2025\\\/09\\\/accessibility-1024x578.png\",\"datePublished\":\"2025-09-05T08:14:31+00:00\",\"dateModified\":\"2025-11-26T10:55:26+00:00\",\"description\":\"Impegno per l'inclusione digitale. Scopri l'accessibilit\u00e0 di AI Search Audit e la sua usabilit\u00e0 per tutti.\",\"breadcrumb\":{\"@id\":\"https:\\\/\\\/www.aisearchaudit.ai\\\/it\\\/accessibilita\\\/#breadcrumb\"},\"inLanguage\":\"it-IT\",\"potentialAction\":[{\"@type\":\"ReadAction\",\"target\":[\"https:\\\/\\\/www.aisearchaudit.ai\\\/it\\\/accessibilita\\\/\"]}]},{\"@type\":\"ImageObject\",\"inLanguage\":\"it-IT\",\"@id\":\"https:\\\/\\\/www.aisearchaudit.ai\\\/it\\\/accessibilita\\\/#primaryimage\",\"url\":\"https:\\\/\\\/www.aisearchaudit.ai\\\/wp-content\\\/uploads\\\/2025\\\/09\\\/accessibility-1024x578.png\",\"contentUrl\":\"https:\\\/\\\/www.aisearchaudit.ai\\\/wp-content\\\/uploads\\\/2025\\\/09\\\/accessibility-1024x578.png\"},{\"@type\":\"BreadcrumbList\",\"@id\":\"https:\\\/\\\/www.aisearchaudit.ai\\\/it\\\/accessibilita\\\/#breadcrumb\",\"itemListElement\":[{\"@type\":\"ListItem\",\"position\":1,\"name\":\"Home\",\"item\":\"https:\\\/\\\/www.aisearchaudit.ai\\\/it\\\/\"},{\"@type\":\"ListItem\",\"position\":2,\"name\":\"Accessibilit\u00e0\"}]},{\"@type\":\"WebSite\",\"@id\":\"https:\\\/\\\/www.aisearchaudit.ai\\\/it\\\/#website\",\"url\":\"https:\\\/\\\/www.aisearchaudit.ai\\\/it\\\/\",\"name\":\"AI Search Audit\",\"description\":\"Audit your Website  for the Best Prompts\",\"publisher\":{\"@id\":\"https:\\\/\\\/www.aisearchaudit.ai\\\/it\\\/#organization\"},\"potentialAction\":[{\"@type\":\"SearchAction\",\"target\":{\"@type\":\"EntryPoint\",\"urlTemplate\":\"https:\\\/\\\/www.aisearchaudit.ai\\\/it\\\/?s={search_term_string}\"},\"query-input\":{\"@type\":\"PropertyValueSpecification\",\"valueRequired\":true,\"valueName\":\"search_term_string\"}}],\"inLanguage\":\"it-IT\"},{\"@type\":\"Organization\",\"@id\":\"https:\\\/\\\/www.aisearchaudit.ai\\\/it\\\/#organization\",\"name\":\"Audit di ricerca AI\",\"url\":\"https:\\\/\\\/www.aisearchaudit.ai\\\/it\\\/\",\"logo\":{\"@type\":\"ImageObject\",\"inLanguage\":\"it-IT\",\"@id\":\"https:\\\/\\\/www.aisearchaudit.ai\\\/it\\\/#\\\/schema\\\/logo\\\/image\\\/\",\"url\":\"https:\\\/\\\/www.aisearchaudit.ai\\\/wp-content\\\/uploads\\\/2025\\\/09\\\/ai-search-audit-logo-v2.png\",\"contentUrl\":\"https:\\\/\\\/www.aisearchaudit.ai\\\/wp-content\\\/uploads\\\/2025\\\/09\\\/ai-search-audit-logo-v2.png\",\"width\":1001,\"height\":181,\"caption\":\"Audit di ricerca AI\"},\"image\":{\"@id\":\"https:\\\/\\\/www.aisearchaudit.ai\\\/it\\\/#\\\/schema\\\/logo\\\/image\\\/\"}}]}<\/script>\n<!-- \/ Yoast SEO plugin. -->","yoast_head_json":{"title":"Accessibilit\u00e0 semplificata: ottimizzata per tutti | AI Search Audit","description":"Impegno per l'inclusione digitale. Scopri l'accessibilit\u00e0 di AI Search Audit e la sua usabilit\u00e0 per tutti.","robots":{"index":"index","follow":"follow","max-snippet":"max-snippet:-1","max-image-preview":"max-image-preview:large","max-video-preview":"max-video-preview:-1"},"canonical":"https:\/\/www.aisearchaudit.ai\/it\/accessibilita\/","og_locale":"it_IT","og_type":"article","og_title":"Accessibilit\u00e0 semplificata: ottimizzata per tutti | AI Search Audit","og_description":"Impegno per l'inclusione digitale. Scopri l'accessibilit\u00e0 di AI Search Audit e la sua usabilit\u00e0 per tutti.","og_url":"https:\/\/www.aisearchaudit.ai\/it\/accessibilita\/","og_site_name":"AI Search Audit","article_modified_time":"2025-11-26T10:55:26+00:00","og_image":[{"width":1850,"height":1044,"url":"https:\/\/www.aisearchaudit.ai\/wp-content\/uploads\/2025\/09\/accessibility.png","type":"image\/png"}],"twitter_card":"summary_large_image","twitter_misc":{"Tempo di lettura stimato":"1 minuto"},"schema":{"@context":"https:\/\/schema.org","@graph":[{"@type":"WebPage","@id":"https:\/\/www.aisearchaudit.ai\/it\/accessibilita\/","url":"https:\/\/www.aisearchaudit.ai\/it\/accessibilita\/","name":"Accessibilit\u00e0 semplificata: ottimizzata per tutti | AI Search Audit","isPartOf":{"@id":"https:\/\/www.aisearchaudit.ai\/it\/#website"},"primaryImageOfPage":{"@id":"https:\/\/www.aisearchaudit.ai\/it\/accessibilita\/#primaryimage"},"image":{"@id":"https:\/\/www.aisearchaudit.ai\/it\/accessibilita\/#primaryimage"},"thumbnailUrl":"https:\/\/www.aisearchaudit.ai\/wp-content\/uploads\/2025\/09\/accessibility-1024x578.png","datePublished":"2025-09-05T08:14:31+00:00","dateModified":"2025-11-26T10:55:26+00:00","description":"Impegno per l'inclusione digitale. Scopri l'accessibilit\u00e0 di AI Search Audit e la sua usabilit\u00e0 per tutti.","breadcrumb":{"@id":"https:\/\/www.aisearchaudit.ai\/it\/accessibilita\/#breadcrumb"},"inLanguage":"it-IT","potentialAction":[{"@type":"ReadAction","target":["https:\/\/www.aisearchaudit.ai\/it\/accessibilita\/"]}]},{"@type":"ImageObject","inLanguage":"it-IT","@id":"https:\/\/www.aisearchaudit.ai\/it\/accessibilita\/#primaryimage","url":"https:\/\/www.aisearchaudit.ai\/wp-content\/uploads\/2025\/09\/accessibility-1024x578.png","contentUrl":"https:\/\/www.aisearchaudit.ai\/wp-content\/uploads\/2025\/09\/accessibility-1024x578.png"},{"@type":"BreadcrumbList","@id":"https:\/\/www.aisearchaudit.ai\/it\/accessibilita\/#breadcrumb","itemListElement":[{"@type":"ListItem","position":1,"name":"Home","item":"https:\/\/www.aisearchaudit.ai\/it\/"},{"@type":"ListItem","position":2,"name":"Accessibilit\u00e0"}]},{"@type":"WebSite","@id":"https:\/\/www.aisearchaudit.ai\/it\/#website","url":"https:\/\/www.aisearchaudit.ai\/it\/","name":"AI Search Audit","description":"Audit your Website  for the Best Prompts","publisher":{"@id":"https:\/\/www.aisearchaudit.ai\/it\/#organization"},"potentialAction":[{"@type":"SearchAction","target":{"@type":"EntryPoint","urlTemplate":"https:\/\/www.aisearchaudit.ai\/it\/?s={search_term_string}"},"query-input":{"@type":"PropertyValueSpecification","valueRequired":true,"valueName":"search_term_string"}}],"inLanguage":"it-IT"},{"@type":"Organization","@id":"https:\/\/www.aisearchaudit.ai\/it\/#organization","name":"Audit di ricerca AI","url":"https:\/\/www.aisearchaudit.ai\/it\/","logo":{"@type":"ImageObject","inLanguage":"it-IT","@id":"https:\/\/www.aisearchaudit.ai\/it\/#\/schema\/logo\/image\/","url":"https:\/\/www.aisearchaudit.ai\/wp-content\/uploads\/2025\/09\/ai-search-audit-logo-v2.png","contentUrl":"https:\/\/www.aisearchaudit.ai\/wp-content\/uploads\/2025\/09\/ai-search-audit-logo-v2.png","width":1001,"height":181,"caption":"Audit di ricerca AI"},"image":{"@id":"https:\/\/www.aisearchaudit.ai\/it\/#\/schema\/logo\/image\/"}}]}},"_links":{"self":[{"href":"https:\/\/www.aisearchaudit.ai\/it\/wp-json\/wp\/v2\/pages\/3886","targetHints":{"allow":["GET"]}}],"collection":[{"href":"https:\/\/www.aisearchaudit.ai\/it\/wp-json\/wp\/v2\/pages"}],"about":[{"href":"https:\/\/www.aisearchaudit.ai\/it\/wp-json\/wp\/v2\/types\/page"}],"author":[{"embeddable":true,"href":"https:\/\/www.aisearchaudit.ai\/it\/wp-json\/wp\/v2\/users\/1"}],"replies":[{"embeddable":true,"href":"https:\/\/www.aisearchaudit.ai\/it\/wp-json\/wp\/v2\/comments?post=3886"}],"version-history":[{"count":4,"href":"https:\/\/www.aisearchaudit.ai\/it\/wp-json\/wp\/v2\/pages\/3886\/revisions"}],"predecessor-version":[{"id":4490,"href":"https:\/\/www.aisearchaudit.ai\/it\/wp-json\/wp\/v2\/pages\/3886\/revisions\/4490"}],"wp:attachment":[{"href":"https:\/\/www.aisearchaudit.ai\/it\/wp-json\/wp\/v2\/media?parent=3886"}],"curies":[{"name":"wp","href":"https:\/\/api.w.org\/{rel}","templated":true}]}}