{"id":3903,"date":"2025-07-17T11:07:38","date_gmt":"2025-07-17T09:07:38","guid":{"rendered":"https:\/\/www.aisearchaudit.ai\/informativa-sulla-privacy\/"},"modified":"2025-12-11T15:42:34","modified_gmt":"2025-12-11T14:42:34","slug":"informativa-sulla-privacy","status":"publish","type":"page","link":"https:\/\/www.aisearchaudit.ai\/it\/informativa-sulla-privacy\/","title":{"rendered":"Informativa sulla privacy"},"content":{"rendered":"\n<div class=\"wp-block-group has-text-xs-font-size pt__12 pb__12 pl__12 pr__12 has-global-padding is-layout-constrained wp-container-core-group-is-layout-d1bf63cf wp-block-group-is-layout-constrained\">\n<h1 class=\"wp-block-heading\">Informativa sulla privacy<\/h1>\n\n\n\n<h2 class=\"wp-block-heading has-text-m-font-size\">Informativa sulla privacy ai sensi dell&#8217;articolo 13 del regolamento UE 2016\/679 (\u201cRegolamento\u201d) e della legge nazionale applicabile<\/h2>\n\n\n\n<p>Vivian S.r.l., con sede legale in Viale Abruzzi 66, Milano, Codice Fiscale e P. IVA n. 09232590969 (\u201cVivian\u201d o il \u201cTitolare\u201d), \u00e8 una societ\u00e0 impegnata nello sviluppo, produzione e commercializzazione di prodotti e servizi innovativi nel campo della tecnologia e del software volti a migliorare le prestazioni dei siti di e-commerce e software per la preparazione di siti web per la Search Generative Experience (SGE) e motori di ricerca basati su modelli di intelligenza artificiale conversazionale come Google AI Overviews, Bing Copilot e Perplexity.<\/p>\n\n\n\n<p>Vivian considera la protezione e la salvaguardia dei dati personali raccolti nel corso della propria attivit\u00e0 una priorit\u00e0 assoluta e gestisce tali dati in piena conformit\u00e0 con la legislazione applicabile (inclusi, a titolo di esempio e senza limitazioni, il Regolamento UE 2016\/679 e il Decreto Legislativo n. 196\/2003, come modificato dal Decreto Legislativo n. 101\/2018, e le misure emesse dall&#8217;Autorit\u00e0 Garante per la Protezione dei Dati Personali\u2014collettivamente \u201cLegge sulla Privacy\u201d).<\/p>\n\n\n\n<p>La presente informativa, fornita ai sensi dell&#8217;articolo 13 del Regolamento UE 2016\/679 (il \u201cRegolamento\u201d o \u201cGDPR\u201d) e del Decreto Legislativo n. 196\/2003, come modificato dal Decreto Legislativo n. 101\/2018 (il \u201cCodice della Privacy\u201d), \u00e8 rivolta a qualsiasi utente, cliente o meno (di seguito, gli \u201cInteressati\u201d o individualmente l&#8217;\u201cInteressato\u201d), che si registra sulla piattaforma di Vivian [inserire l&#8217;indirizzo del sito web] (la \u201cPiattaforma\u201d) al fine di utilizzare le funzionalit\u00e0 del software messo a disposizione dal Titolare.<\/p>\n\n\n\n<div style=\"height:24px\" aria-hidden=\"true\" class=\"wp-block-spacer\"><\/div>\n\n\n\n<h2 class=\"wp-block-heading\" id=\"Data\">1. Titolare del trattamento dei dati<\/h2>\n\n\n\n<p>Il Titolare del trattamento dei dati \u00e8 Vivian S.r.l., con sede legale in Viale Abruzzi 66, Milano, Codice Fiscale e P. IVA n. 09232590969.<\/p>\n\n\n\n<p>Dati di contatto del Titolare:<\/p>\n\n\n\n<ul class=\"wp-block-list pl__8\">\n<li>Posta Elettronica Certificata (PEC): vivian@pec.vivian.company<\/li>\n<\/ul>\n\n\n\n<div style=\"height:24px\" aria-hidden=\"true\" class=\"wp-block-spacer\"><\/div>\n\n\n\n<h2 class=\"wp-block-heading\" id=\"Categories\">2. Categorie di dati personali trattati<\/h2>\n\n\n\n<p>I dati personali trattati sono quelli forniti dall&#8217;Interessato al momento dell&#8217;instaurazione del rapporto contrattuale e nel corso dello stesso, e raccolti direttamente dall&#8217;Interessato, che comunica tali dati nella fase di registrazione sulla Piattaforma.<\/p>\n\n\n\n<p>A titolo di esempio e senza limitazioni, il trattamento da parte del Titolare pu\u00f2 riguardare i cosiddetti dati identificativi (quali: nome, cognome, data e luogo di nascita, sesso, lingua madre), dati di contatto (quali: indirizzo di residenza\/domicilio, numero di telefono, indirizzo e-mail), dati bancari (carta di credito, IBAN e istituto bancario), dati fiscali (codice fiscale), nome utente, password e indirizzo IP di residenza.<\/p>\n\n\n\n<div style=\"height:24px\" aria-hidden=\"true\" class=\"wp-block-spacer\"><\/div>\n\n\n\n<h2 class=\"wp-block-heading\" id=\"Third-Party\">3. Dati personali di terzi comunicati dagli interessati<\/h2>\n\n\n\n<p>Il Titolare specifica che i dati personali trattati possono anche, in base alle informazioni comunicate dall&#8217;Interessato, riguardare legali rappresentanti, procuratori, dipendenti, collaboratori e altro personale dell&#8217;Interessato (se l&#8217;Interessato \u00e8 una societ\u00e0).<\/p>\n\n\n\n<p>Qualora l&#8217;Interessato comunichi dati personali relativi a terzi, \u00e8 responsabile di aver fornito le necessarie informazioni a tali terzi e di aver ottenuto gli eventuali consensi richiesti. In caso di dati relativi a minori, l&#8217;Interessato \u00e8 altres\u00ec responsabile di possedere la necessaria autorit\u00e0 legale per fornire i dati, manlevando Vivian da qualsiasi responsabilit\u00e0 e obbligo nei confronti di tali soggetti. <\/p>\n\n\n\n<div style=\"height:24px\" aria-hidden=\"true\" class=\"wp-block-spacer\"><\/div>\n\n\n\n<h2 class=\"wp-block-heading\" id=\"Purposes\">4. Finalit\u00e0 e basi giuridiche del trattamento<\/h2>\n\n\n\n<p>I dati personali forniti dall&#8217;Interessato saranno trattati per le seguenti finalit\u00e0:<\/p>\n\n\n\n<p>a) Gestione del rapporto contrattuale per l&#8217;utilizzo della Piattaforma e per la fornitura di servizi amministrativi, contabili e di tesoreria<br\/>A titolo di esempio e senza limitazioni:<\/p>\n\n\n\n<ul class=\"wp-block-list pl__8\">\n<li>Gestione del rapporto contrattuale;<\/li>\n\n\n\n<li>Attivit\u00e0 amministrative;<\/li>\n\n\n\n<li>Monitoraggio dei pagamenti;<\/li>\n\n\n\n<li>Adempimento degli obblighi fiscali e contabili, inclusa l&#8217;emissione di documenti contabili e fiscali;<\/li>\n\n\n\n<li>Gestione dei pagamenti e degli incassi;<\/li>\n\n\n\n<li>Organizzazione, gestione amministrativa e controllo.<\/li>\n<\/ul>\n\n\n\n<p>Le basi giuridiche per il trattamento dei dati personali dell&#8217;Interessato sono (i) l&#8217;articolo 6, paragrafo 1, lettera b) del Regolamento, poich\u00e9 il trattamento \u00e8 necessario per l&#8217;esecuzione di un contratto di cui l&#8217;Interessato \u00e8 parte o per l&#8217;esecuzione di misure precontrattuali adottate su richiesta dello stesso, e (ii) l&#8217;articolo 6, paragrafo 1, lettera c) del Regolamento, poich\u00e9 il trattamento \u00e8 necessario per adempiere un obbligo legale al quale \u00e8 soggetto il Titolare.<\/p>\n\n\n\n<p>Natura obbligatoria o facoltativa del conferimento dei dati:<br\/>Il conferimento dei dati personali \u00e8 facoltativo. Tuttavia, il mancato conferimento dei dati personali comporter\u00e0 l&#8217;impossibilit\u00e0 di instaurare un rapporto contrattuale, di adempiere correttamente agli obblighi precontrattuali e contrattuali o, qualora un rapporto contrattuale sia gi\u00e0 stato instaurato, di adempiere agli obblighi e agli impegni derivanti da tale contratto. <\/p>\n\n\n\n<p>b) Tutela dei diritti degli Interessati e del Titolare ed esercizio del diritto di difesa del Titolare, sia in fase precontenziosa che contenziosa<br\/>La base giuridica per il trattamento dei dati personali \u00e8 l&#8217;articolo 6, paragrafo 1, lettera f) del Regolamento, poich\u00e9 il trattamento \u00e8 necessario per il perseguimento del legittimo interesse del Titolare o di terzi alla difesa e all&#8217;esercizio dei diritti.<\/p>\n\n\n\n<p>c) Invio di comunicazioni commerciali e promozionali relative alla vendita di altri o nuovi servizi offerti dal Titolare<br\/>A titolo di esempio e senza limitazioni:<\/p>\n\n\n\n<ul class=\"wp-block-list pl__8\">\n<li>Invio di newsletter o comunicazioni commerciali e promozionali per i servizi del Titolare;<\/li>\n\n\n\n<li>Invio di comunicazioni commerciali relative al rinnovo dei servizi;<\/li>\n\n\n\n<li>Invio di comunicazioni relative alle attivit\u00e0 del Titolare.<\/li>\n<\/ul>\n\n\n\n<p>L&#8217;iscrizione alla nostra newsletter prevede una cosiddetta procedura di double opt-in: dopo la registrazione, riceverai un&#8217;email di richiesta di conferma. Solo dopo la conferma l&#8217;iscrizione sar\u00e0 valida, impedendo ad altri di iscriversi utilizzando il tuo indirizzo email. Durante l&#8217;iscrizione alla newsletter, l&#8217;indirizzo IP dell&#8217;utente viene salvato insieme alla data e all&#8217;ora della registrazione. Questo per prevenire l&#8217;uso improprio dei nostri servizi o l&#8217;indirizzo email dell&#8217;interessato. Puoi cancellarti dalla newsletter in qualsiasi momento; allo stesso modo, puoi revocare il consenso alla memorizzazione dei tuoi dati personali e all&#8217;invio della newsletter in qualsiasi momento. Ogni newsletter contiene un link per esercitare questo diritto. La base giuridica per il trattamento dei dati a seguito dell&#8217;iscrizione alla newsletter \u00e8 il consenso dell&#8217;utente (articolo 6, paragrafo 1, lettera a) GDPR).      <\/p>\n\n\n\n<p>Natura obbligatoria o facoltativa del conferimento dei dati:<br\/>Il conferimento dei dati personali \u00e8 richiesto solo laddove il trattamento sia imposto da un obbligo legale. Tuttavia, il conferimento dei dati personali da parte dell&#8217;Interessato \u00e8 necessario; la mancanza di tale conferimento render\u00e0 impossibile instaurare un rapporto contrattuale, adempiere correttamente agli obblighi precontrattuali e contrattuali o, qualora un rapporto contrattuale sia gi\u00e0 stato instaurato, adempiere agli obblighi e agli impegni derivanti da tale contratto. <\/p>\n\n\n\n<div style=\"height:24px\" aria-hidden=\"true\" class=\"wp-block-spacer\"><\/div>\n\n\n\n<h2 class=\"wp-block-heading\" id=\"Retention\">5. Periodo di conservazione dei dati personali<\/h2>\n\n\n\n<p>I dati personali dell&#8217;Interessato saranno conservati solo per il periodo strettamente necessario al raggiungimento delle finalit\u00e0 per le quali sono raccolti. In particolare, il Titolare conserver\u00e0 i dati personali strettamente necessari per l&#8217;intera durata del rapporto con l&#8217;Interessato e per il periodo successivo alla cessazione fino all&#8217;adempimento di tutti gli obblighi di legge (incluso, a titolo di esempio, l&#8217;obbligo di legge di conservare le fatture e la documentazione contabile\/fiscale per almeno 10 anni), avendo cura di adottare adeguate misure di sicurezza per la protezione e la conservazione dei dati. Al termine di questo periodo, i dati personali saranno definitivamente cancellati.  <\/p>\n\n\n\n<div style=\"height:24px\" aria-hidden=\"true\" class=\"wp-block-spacer\"><\/div>\n\n\n\n<h2 class=\"wp-block-heading\" id=\"Data-recipients\">6. Destinatari dei dati e luogo del trattamento<\/h2>\n\n\n\n<p>I dati personali possono essere condivisi con coloro che sono definiti dal Regolamento come \u201cDestinatari\u201d, debitamente nominati dal Titolare come Responsabili del trattamento dei dati o Persone autorizzate, in base alle specifiche attivit\u00e0 di trattamento affidate. Nello specifico: <\/p>\n\n\n\n<ul class=\"wp-block-list pl__8\">\n<li>Personale interno del Titolare, debitamente nominato come responsabile del trattamento dei dati personali, o collaboratori e\/o consulenti del Titolare, nominati come Responsabili del trattamento dei dati e vincolati alla riservatezza o soggetti a un adeguato obbligo legale di riservatezza;<\/li>\n\n\n\n<li>Consulenti e professionisti individuali o associati (commercialisti, revisori legali, avvocati);<\/li>\n\n\n\n<li>Societ\u00e0, consulenti o professionisti eventualmente incaricati per l&#8217;installazione, la manutenzione, l&#8217;aggiornamento e la gestione generale dell&#8217;hardware e del software utilizzato dal Titolare o necessario per la fornitura dei suoi prodotti e\/o servizi, inclusa la nomina come amministratori di sistema. A questo proposito, i dati personali degli Interessati saranno accessibili agli amministratori di sistema esclusivamente per finalit\u00e0 di controllo della sicurezza;<\/li>\n\n\n\n<li>Fornitori e terzi come richiesto dagli obblighi contrattuali;<\/li>\n\n\n\n<li>Agenzie o enti pubblici rilevanti per la gestione dei rapporti di collaborazione, come l&#8217;Agenzia delle Entrate;<\/li>\n\n\n\n<li>Societ\u00e0, consulenti o professionisti che assistono il Titolare nell&#8217;adempimento di specifici obblighi legali (ad esempio, consulenti del lavoro, avvocati, commercialisti);<\/li>\n\n\n\n<li>Compagnie assicurative per la fornitura di servizi assicurativi, fondi integrativi, banche o istituti di credito e, a seguito di ispezioni o verifiche, tutti gli organismi di regolamentazione responsabili della verifica della conformit\u00e0 agli obblighi di legge;<\/li>\n\n\n\n<li>Organismi di vigilanza, compagnie assicurative per servizi assicurativi, banche o istituti di credito e, a seguito di ispezioni o verifiche, tutte le autorit\u00e0 di regolamentazione responsabili della verifica e della garanzia della conformit\u00e0 agli obblighi di legge;<\/li>\n\n\n\n<li>Societ\u00e0 terze con cui Vivian ha rapporti contrattuali.<\/li>\n<\/ul>\n\n\n\n<p>I dati personali sono trattati in Italia o in paesi che fanno parte dello Spazio Economico Europeo.<\/p>\n\n\n\n<div style=\"height:24px\" aria-hidden=\"true\" class=\"wp-block-spacer\"><\/div>\n\n\n\n<h2 class=\"wp-block-heading\" id=\"Methods-of-Processing\"><strong>7. <\/strong>Modalit\u00e0 di trattamento<\/h2>\n\n\n\n<p>I dati personali degli Interessati possono essere trattati sia su supporto cartaceo che in formato elettronico utilizzando misure idonee a garantirne la sicurezza e la riservatezza, con accesso consentito solo a persone autorizzate che sono state precedentemente nominate come Responsabili del trattamento dei dati o Persone autorizzate, che assistono il Titolare nello svolgimento delle proprie attivit\u00e0 commerciali (ad es. dipendenti, consulenti esterni, collaboratori o partner che necessitano di conoscere tali dati).<\/p>\n\n\n\n<p>Sebbene i dati possano essere comunicati a responsabili esterni identificati sopra, non saranno venduti a terzi.<\/p>\n\n\n\n<div style=\"height:24px\" aria-hidden=\"true\" class=\"wp-block-spacer\"><\/div>\n\n\n\n<h2 class=\"wp-block-heading\" id=\"Data-Subject\"><strong>8<\/strong>. Diritti degli interessati e modalit\u00e0 di esercizio<\/h2>\n\n\n\n<p>La legge sulla privacy garantisce a ciascun Interessato i seguenti diritti:<\/p>\n\n\n\n<ol style=\"list-style-type:lower-roman\" class=\"wp-block-list pl__8\">\n<li>il diritto di accedere ai propri dati personali ai sensi dell&#8217;articolo 15 del Regolamento;<\/li>\n\n\n\n<li>il diritto di ottenere la rettifica o l&#8217;integrazione dei dati personali ai sensi dell&#8217;articolo 16 del Regolamento;<\/li>\n\n\n\n<li>il diritto alla cancellazione dei dati personali ai sensi dell&#8217;articolo 17 del Regolamento (a meno che il trattamento sia necessario per a. esercitare il diritto alla libert\u00e0 di espressione e di informazione; b. adempiere un obbligo legale previsto dal diritto dell&#8217;Unione Europea o italiano o per l&#8217;esecuzione di un compito svolto nel pubblico interesse o nell&#8217;esercizio di pubblici poteri di cui \u00e8 investito il Titolare; c. motivi di interesse pubblico nel settore della sanit\u00e0 pubblica; d. archiviazione nel pubblico interesse, ricerca scientifica o storica o finalit\u00e0 statistiche ai sensi dell&#8217;articolo 89, paragrafo 1, del Regolamento, qualora la cancellazione rischierebbe di rendere impossibile o di pregiudicare gravemente il conseguimento degli obiettivi di tale trattamento; e. l&#8217;accertamento, l&#8217;esercizio o la difesa di un diritto in sede giudiziaria da parte di Vivian);<\/li>\n\n\n\n<li>il diritto alla limitazione del trattamento dei dati personali, nei limiti di cui all&#8217;articolo 18 del Regolamento;<\/li>\n\n\n\n<li>il diritto alla portabilit\u00e0 dei dati, ovvero il diritto di ricevere i dati personali forniti al Titolare in un formato strutturato, di uso comune e leggibile da dispositivo automatico e di trasmettere tali dati a un altro titolare del trattamento come previsto dall&#8217;articolo 20 del Regolamento;<\/li>\n\n\n\n<li>il diritto di opporsi in qualsiasi momento, nei limiti di cui all&#8217;articolo 21 del Regolamento, per motivi connessi alla sua situazione particolare, al trattamento dei dati personali che lo riguardano;<\/li>\n\n\n\n<li>il diritto di revocare il consenso eventualmente prestato in qualsiasi momento, senza pregiudicare la liceit\u00e0 del trattamento effettuato sulla base del consenso prestato prima della revoca, ai sensi dell&#8217;articolo 7 del Regolamento.<\/li>\n<\/ol>\n\n\n\n<p>Ciascun Interessato pu\u00f2 esercitare i propri diritti in qualsiasi momento inviando:<\/p>\n\n\n\n<ul class=\"wp-block-list pl__8\">\n<li>una raccomandata con avviso di ricevimento alla sede legale del Titolare in Viale Abruzzi 66, Milano;<br\/>oppure<\/li>\n\n\n\n<li>una posta elettronica certificata (PEC) a: vivian@pec.vivian.company<\/li>\n<\/ul>\n\n\n\n<p>In ogni caso, l&#8217;Interessato ha sempre il diritto di proporre reclamo all&#8217;Autorit\u00e0 Garante per la Protezione dei Dati Personali, ai sensi dell&#8217;articolo 77 del Regolamento, o di adire le ordinarie autorit\u00e0 giudiziarie, qualora ritenga che il trattamento dei propri dati personali sia contrario alla legge applicabile.<\/p>\n<\/div>\n","protected":false},"excerpt":{"rendered":"<p>Informativa sulla privacy Informativa sulla privacy ai sensi dell&#8217;articolo 13 del regolamento UE 2016\/679 (\u201cRegolamento\u201d) e della legge nazionale applicabile Vivian S.r.l., con sede legale in Viale Abruzzi 66, Milano, Codice Fiscale e P. IVA n. 09232590969 (\u201cVivian\u201d o il \u201cTitolare\u201d), \u00e8 una societ\u00e0 impegnata nello sviluppo, produzione e commercializzazione di prodotti e servizi innovativi [&hellip;]<\/p>\n","protected":false},"author":1,"featured_media":0,"parent":0,"menu_order":0,"comment_status":"closed","ping_status":"open","template":"","meta":{"footnotes":""},"class_list":["post-3903","page","type-page","status-publish","hentry"],"yoast_head":"<!-- This site is optimized with the Yoast SEO plugin v27.5 - https:\/\/yoast.com\/product\/yoast-seo-wordpress\/ -->\n<title>Informativa sulla privacy: protezione dei dati online | AI Search Audit<\/title>\n<meta name=\"description\" content=\"Leggi l&#039;informativa sulla privacy di AI Search Audit e scopri come gestiamo i tuoi dati personali.\" \/>\n<meta name=\"robots\" content=\"index, follow, max-snippet:-1, max-image-preview:large, max-video-preview:-1\" \/>\n<link rel=\"canonical\" href=\"https:\/\/www.aisearchaudit.ai\/it\/informativa-sulla-privacy\/\" \/>\n<meta property=\"og:locale\" content=\"it_IT\" \/>\n<meta property=\"og:type\" content=\"article\" \/>\n<meta property=\"og:title\" content=\"Informativa sulla privacy: protezione dei dati online | AI Search Audit\" \/>\n<meta property=\"og:description\" content=\"Leggi l&#039;informativa sulla privacy di AI Search Audit e scopri come gestiamo i tuoi dati personali.\" \/>\n<meta property=\"og:url\" content=\"https:\/\/www.aisearchaudit.ai\/it\/informativa-sulla-privacy\/\" \/>\n<meta property=\"og:site_name\" content=\"AI Search Audit\" \/>\n<meta property=\"article:modified_time\" content=\"2025-12-11T14:42:34+00:00\" \/>\n<meta name=\"twitter:card\" content=\"summary_large_image\" \/>\n<meta name=\"twitter:label1\" content=\"Tempo di lettura stimato\" \/>\n\t<meta name=\"twitter:data1\" content=\"9 minuti\" \/>\n<script type=\"application\/ld+json\" class=\"yoast-schema-graph\">{\"@context\":\"https:\\\/\\\/schema.org\",\"@graph\":[{\"@type\":\"WebPage\",\"@id\":\"https:\\\/\\\/www.aisearchaudit.ai\\\/it\\\/informativa-sulla-privacy\\\/\",\"url\":\"https:\\\/\\\/www.aisearchaudit.ai\\\/it\\\/informativa-sulla-privacy\\\/\",\"name\":\"Informativa sulla privacy: protezione dei dati online | AI Search Audit\",\"isPartOf\":{\"@id\":\"https:\\\/\\\/www.aisearchaudit.ai\\\/it\\\/#website\"},\"datePublished\":\"2025-07-17T09:07:38+00:00\",\"dateModified\":\"2025-12-11T14:42:34+00:00\",\"description\":\"Leggi l'informativa sulla privacy di AI Search Audit e scopri come gestiamo i tuoi dati personali.\",\"breadcrumb\":{\"@id\":\"https:\\\/\\\/www.aisearchaudit.ai\\\/it\\\/informativa-sulla-privacy\\\/#breadcrumb\"},\"inLanguage\":\"it-IT\",\"potentialAction\":[{\"@type\":\"ReadAction\",\"target\":[\"https:\\\/\\\/www.aisearchaudit.ai\\\/it\\\/informativa-sulla-privacy\\\/\"]}]},{\"@type\":\"BreadcrumbList\",\"@id\":\"https:\\\/\\\/www.aisearchaudit.ai\\\/it\\\/informativa-sulla-privacy\\\/#breadcrumb\",\"itemListElement\":[{\"@type\":\"ListItem\",\"position\":1,\"name\":\"Home\",\"item\":\"https:\\\/\\\/www.aisearchaudit.ai\\\/it\\\/\"},{\"@type\":\"ListItem\",\"position\":2,\"name\":\"Informativa sulla privacy\"}]},{\"@type\":\"WebSite\",\"@id\":\"https:\\\/\\\/www.aisearchaudit.ai\\\/it\\\/#website\",\"url\":\"https:\\\/\\\/www.aisearchaudit.ai\\\/it\\\/\",\"name\":\"AI Search Audit\",\"description\":\"Audit your Website  for the Best Prompts\",\"publisher\":{\"@id\":\"https:\\\/\\\/www.aisearchaudit.ai\\\/it\\\/#organization\"},\"potentialAction\":[{\"@type\":\"SearchAction\",\"target\":{\"@type\":\"EntryPoint\",\"urlTemplate\":\"https:\\\/\\\/www.aisearchaudit.ai\\\/it\\\/?s={search_term_string}\"},\"query-input\":{\"@type\":\"PropertyValueSpecification\",\"valueRequired\":true,\"valueName\":\"search_term_string\"}}],\"inLanguage\":\"it-IT\"},{\"@type\":\"Organization\",\"@id\":\"https:\\\/\\\/www.aisearchaudit.ai\\\/it\\\/#organization\",\"name\":\"Audit di ricerca AI\",\"url\":\"https:\\\/\\\/www.aisearchaudit.ai\\\/it\\\/\",\"logo\":{\"@type\":\"ImageObject\",\"inLanguage\":\"it-IT\",\"@id\":\"https:\\\/\\\/www.aisearchaudit.ai\\\/it\\\/#\\\/schema\\\/logo\\\/image\\\/\",\"url\":\"https:\\\/\\\/www.aisearchaudit.ai\\\/wp-content\\\/uploads\\\/2025\\\/09\\\/ai-search-audit-logo-v2.png\",\"contentUrl\":\"https:\\\/\\\/www.aisearchaudit.ai\\\/wp-content\\\/uploads\\\/2025\\\/09\\\/ai-search-audit-logo-v2.png\",\"width\":1001,\"height\":181,\"caption\":\"Audit di ricerca AI\"},\"image\":{\"@id\":\"https:\\\/\\\/www.aisearchaudit.ai\\\/it\\\/#\\\/schema\\\/logo\\\/image\\\/\"}}]}<\/script>\n<!-- \/ Yoast SEO plugin. -->","yoast_head_json":{"title":"Informativa sulla privacy: protezione dei dati online | AI Search Audit","description":"Leggi l'informativa sulla privacy di AI Search Audit e scopri come gestiamo i tuoi dati personali.","robots":{"index":"index","follow":"follow","max-snippet":"max-snippet:-1","max-image-preview":"max-image-preview:large","max-video-preview":"max-video-preview:-1"},"canonical":"https:\/\/www.aisearchaudit.ai\/it\/informativa-sulla-privacy\/","og_locale":"it_IT","og_type":"article","og_title":"Informativa sulla privacy: protezione dei dati online | AI Search Audit","og_description":"Leggi l'informativa sulla privacy di AI Search Audit e scopri come gestiamo i tuoi dati personali.","og_url":"https:\/\/www.aisearchaudit.ai\/it\/informativa-sulla-privacy\/","og_site_name":"AI Search Audit","article_modified_time":"2025-12-11T14:42:34+00:00","twitter_card":"summary_large_image","twitter_misc":{"Tempo di lettura stimato":"9 minuti"},"schema":{"@context":"https:\/\/schema.org","@graph":[{"@type":"WebPage","@id":"https:\/\/www.aisearchaudit.ai\/it\/informativa-sulla-privacy\/","url":"https:\/\/www.aisearchaudit.ai\/it\/informativa-sulla-privacy\/","name":"Informativa sulla privacy: protezione dei dati online | AI Search Audit","isPartOf":{"@id":"https:\/\/www.aisearchaudit.ai\/it\/#website"},"datePublished":"2025-07-17T09:07:38+00:00","dateModified":"2025-12-11T14:42:34+00:00","description":"Leggi l'informativa sulla privacy di AI Search Audit e scopri come gestiamo i tuoi dati personali.","breadcrumb":{"@id":"https:\/\/www.aisearchaudit.ai\/it\/informativa-sulla-privacy\/#breadcrumb"},"inLanguage":"it-IT","potentialAction":[{"@type":"ReadAction","target":["https:\/\/www.aisearchaudit.ai\/it\/informativa-sulla-privacy\/"]}]},{"@type":"BreadcrumbList","@id":"https:\/\/www.aisearchaudit.ai\/it\/informativa-sulla-privacy\/#breadcrumb","itemListElement":[{"@type":"ListItem","position":1,"name":"Home","item":"https:\/\/www.aisearchaudit.ai\/it\/"},{"@type":"ListItem","position":2,"name":"Informativa sulla privacy"}]},{"@type":"WebSite","@id":"https:\/\/www.aisearchaudit.ai\/it\/#website","url":"https:\/\/www.aisearchaudit.ai\/it\/","name":"AI Search Audit","description":"Audit your Website  for the Best Prompts","publisher":{"@id":"https:\/\/www.aisearchaudit.ai\/it\/#organization"},"potentialAction":[{"@type":"SearchAction","target":{"@type":"EntryPoint","urlTemplate":"https:\/\/www.aisearchaudit.ai\/it\/?s={search_term_string}"},"query-input":{"@type":"PropertyValueSpecification","valueRequired":true,"valueName":"search_term_string"}}],"inLanguage":"it-IT"},{"@type":"Organization","@id":"https:\/\/www.aisearchaudit.ai\/it\/#organization","name":"Audit di ricerca AI","url":"https:\/\/www.aisearchaudit.ai\/it\/","logo":{"@type":"ImageObject","inLanguage":"it-IT","@id":"https:\/\/www.aisearchaudit.ai\/it\/#\/schema\/logo\/image\/","url":"https:\/\/www.aisearchaudit.ai\/wp-content\/uploads\/2025\/09\/ai-search-audit-logo-v2.png","contentUrl":"https:\/\/www.aisearchaudit.ai\/wp-content\/uploads\/2025\/09\/ai-search-audit-logo-v2.png","width":1001,"height":181,"caption":"Audit di ricerca AI"},"image":{"@id":"https:\/\/www.aisearchaudit.ai\/it\/#\/schema\/logo\/image\/"}}]}},"_links":{"self":[{"href":"https:\/\/www.aisearchaudit.ai\/it\/wp-json\/wp\/v2\/pages\/3903","targetHints":{"allow":["GET"]}}],"collection":[{"href":"https:\/\/www.aisearchaudit.ai\/it\/wp-json\/wp\/v2\/pages"}],"about":[{"href":"https:\/\/www.aisearchaudit.ai\/it\/wp-json\/wp\/v2\/types\/page"}],"author":[{"embeddable":true,"href":"https:\/\/www.aisearchaudit.ai\/it\/wp-json\/wp\/v2\/users\/1"}],"replies":[{"embeddable":true,"href":"https:\/\/www.aisearchaudit.ai\/it\/wp-json\/wp\/v2\/comments?post=3903"}],"version-history":[{"count":2,"href":"https:\/\/www.aisearchaudit.ai\/it\/wp-json\/wp\/v2\/pages\/3903\/revisions"}],"predecessor-version":[{"id":5025,"href":"https:\/\/www.aisearchaudit.ai\/it\/wp-json\/wp\/v2\/pages\/3903\/revisions\/5025"}],"wp:attachment":[{"href":"https:\/\/www.aisearchaudit.ai\/it\/wp-json\/wp\/v2\/media?parent=3903"}],"curies":[{"name":"wp","href":"https:\/\/api.w.org\/{rel}","templated":true}]}}