{"id":4627,"date":"2025-07-30T09:59:50","date_gmt":"2025-07-30T07:59:50","guid":{"rendered":"https:\/\/www.aisearchaudit.ai\/dichiarazione-di-accessibilita\/"},"modified":"2025-12-01T14:33:38","modified_gmt":"2025-12-01T13:33:38","slug":"dichiarazione-di-accessibilita","status":"publish","type":"page","link":"https:\/\/www.aisearchaudit.ai\/it\/dichiarazione-di-accessibilita\/","title":{"rendered":"Dichiarazione di accessibilit\u00e0"},"content":{"rendered":"\n<div class=\"wp-block-group pt__12 pb__12 pl__12 pr__12 has-global-padding is-layout-constrained wp-container-core-group-is-layout-d1bf63cf wp-block-group-is-layout-constrained\">\n<h1 class=\"wp-block-heading\">Dichiarazione di accessibilit\u00e0<\/h1>\n\n\n\n<p class=\"pl__1 pr__1\">Kleecks si impegna a garantire l&#8217;accessibilit\u00e0 digitale per le persone con disabilit\u00e0. Miglioriamo continuamente l&#8217;esperienza utente per tutti e applichiamo gli standard di accessibilit\u00e0 pertinenti. <\/p>\n\n\n\n<p class=\"pt__1\">Questa dichiarazione di accessibilit\u00e0 si applica al sito web <strong><a href=\"https:\/\/www.aisearchaudit.ai\/it\/\">aisearchaudit.a<\/a>i<\/strong>.<\/p>\n\n\n\n<h2 class=\"wp-block-heading\">Stato di conformit\u00e0<\/h2>\n\n\n\n<p>Questo sito web \u00e8 <strong>parzialmente conforme<\/strong> allo <a href=\"https:\/\/www.w3.org\/TR\/WCAG22\/\">standard Web Content Accessibility Guidelines versione 2.2 AA<\/a>, a causa delle non conformit\u00e0 elencate di seguito.<\/p>\n\n\n\n<h2 class=\"wp-block-heading\">Contenuto non accessibile<\/h2>\n\n\n\n<p>Il contenuto elencato di seguito non \u00e8 accessibile per la\/e seguente\/i ragione\/i:<\/p>\n\n\n\n<h3 class=\"wp-block-heading\">non conformit\u00e0 con gli standard di accessibilit\u00e0<\/h3>\n\n\n\n<p class=\"pl__1\">I seguenti problemi sono stati riscontrati durante un test automatizzato condotto il 25 giugno 2025. Stiamo lavorando per risolverli. <\/p>\n\n\n\n<ul class=\"wp-block-list pl__8\">\n<li><strong>Contenuto non testuale:<\/strong> Alcune immagini prive di alternative testuali o contenuto descrittivo possono impedire agli utenti di screen reader di accedere alle informazioni che trasmettono. Questo non soddisfa il criterio di successo WCAG 1.1.1. <\/li>\n\n\n\n<li><strong>Contrasto cromatico:<\/strong> In alcune aree, il contrasto tra il testo e i colori di sfondo \u00e8 insufficiente, il che pu\u00f2 rendere il testo difficile da leggere per le persone con disabilit\u00e0 visive. Questo non soddisfa il criterio di successo WCAG 1.4.3. <\/li>\n\n\n\n<li><strong>Scopo del link (nel contesto):<\/strong> Alcuni link utilizzano testo generico come \u201cScopri di pi\u00f9\u201d e non descrivono chiaramente la loro destinazione fuori contesto. Questo non soddisfa il criterio di successo WCAG 2.4.4. <\/li>\n\n\n\n<li><strong>Moduli ed etichette:<\/strong> Alcuni campi di input dei moduli sono privi di etichette correttamente associate, rendendo difficile per gli utenti di screen reader comprendere quali informazioni siano richieste. Questo non soddisfa i criteri di successo WCAG 1.3.1, 3.3.2 e 4.1.2. <\/li>\n\n\n\n<li><strong>Parsing e struttura del codice:<\/strong> Alcune pagine contengono ID di elementi duplicati e alcuni elementi iframe incorporati sono privi di un titolo descrittivo. Questi errori tecnici possono causare comportamenti imprevedibili nelle tecnologie assistive. Questo non soddisfa i criteri di successo WCAG 4.1.1 e 4.1.2.  <\/li>\n<\/ul>\n\n\n\n<h2 class=\"wp-block-heading\">Preparazione di questa dichiarazione di accessibilit\u00e0<\/h2>\n\n\n\n<p>Questa dichiarazione \u00e8 stata preparata il <strong>25 giugno 2025<\/strong>.<\/p>\n\n\n\n<p>La dichiarazione \u00e8 stata preparata sulla base di un&#8217;autovalutazione del sito web condotta da Kleecks utilizzando strumenti di valutazione automatizzati e test manuali.<\/p>\n\n\n\n<p>La dichiarazione \u00e8 stata revisionata l&#8217;ultima volta il <strong>25 giugno 2025<\/strong>.<\/p>\n\n\n\n<h2 class=\"wp-block-heading\">Feedback e informazioni di contatto<\/h2>\n\n\n\n<p>Accogliamo con favore il tuo feedback sull&#8217;accessibilit\u00e0 di questo sito web. Se riscontri barriere di accessibilit\u00e0 o desideri richiedere informazioni in un formato alternativo, ti preghiamo di comunicarcelo: <\/p>\n\n\n\n<ul class=\"wp-block-list pl__8\">\n<li><strong>Email:<\/strong> <a href=\"mailto:accessibility@kleecks.com\">accessibility@kleecks.com<\/a><\/li>\n<\/ul>\n\n\n\n<p>Prenderemo in considerazione la tua richiesta e ti risponderemo entro 10 giorni lavorativi.<\/p>\n\n\n\n<h2 class=\"wp-block-heading\">Procedura di applicazione<\/h2>\n\n\n\n<p>La Equality and Human Rights Commission (EHRC) \u00e8 responsabile dell&#8217;applicazione dell&#8217;Equality Act 2010. Questa legislazione richiede ai fornitori di servizi di apportare \u2018adeguamenti ragionevoli\u2019 per le persone con disabilit\u00e0. <\/p>\n\n\n\n<p>Se non sei soddisfatto di come rispondiamo al tuo reclamo, puoi <a href=\"https:\/\/www.equalityadvisoryservice.com\/\">contattare l&#8217;Equality Advisory and Support Service (EASS)<\/a>.<\/p>\n<\/div>\n\n<p class=\"pb__12\"><\/p>\n","protected":false},"excerpt":{"rendered":"<p>Dichiarazione di accessibilit\u00e0 Kleecks si impegna a garantire l&#8217;accessibilit\u00e0 digitale per le persone con disabilit\u00e0. Miglioriamo continuamente l&#8217;esperienza utente per tutti e applichiamo gli standard di accessibilit\u00e0 pertinenti. Questa dichiarazione di accessibilit\u00e0 si applica al sito web aisearchaudit.ai. Stato di conformit\u00e0 Questo sito web \u00e8 parzialmente conforme allo standard Web Content Accessibility Guidelines versione 2.2 [&hellip;]<\/p>\n","protected":false},"author":1,"featured_media":0,"parent":0,"menu_order":0,"comment_status":"closed","ping_status":"closed","template":"header-footer","meta":{"footnotes":""},"class_list":["post-4627","page","type-page","status-publish","hentry"],"yoast_head":"<!-- This site is optimized with the Yoast SEO plugin v27.5 - https:\/\/yoast.com\/product\/yoast-seo-wordpress\/ -->\n<title>Accessibilit\u00e0: la nostra promessa di inclusione | AI Search Audit<\/title>\n<meta name=\"description\" content=\"Accessibilit\u00e0: la nostra promessa di inclusione | AI Search Audit\" \/>\n<meta name=\"robots\" content=\"index, follow, max-snippet:-1, max-image-preview:large, max-video-preview:-1\" \/>\n<link rel=\"canonical\" href=\"https:\/\/www.aisearchaudit.ai\/it\/dichiarazione-di-accessibilita\/\" \/>\n<meta property=\"og:locale\" content=\"it_IT\" \/>\n<meta property=\"og:type\" content=\"article\" \/>\n<meta property=\"og:title\" content=\"Accessibilit\u00e0: la nostra promessa di inclusione | AI Search Audit\" \/>\n<meta property=\"og:description\" content=\"Accessibilit\u00e0: la nostra promessa di inclusione | AI Search Audit\" \/>\n<meta property=\"og:url\" content=\"https:\/\/www.aisearchaudit.ai\/it\/dichiarazione-di-accessibilita\/\" \/>\n<meta property=\"og:site_name\" content=\"AI Search Audit\" \/>\n<meta property=\"article:modified_time\" content=\"2025-12-01T13:33:38+00:00\" \/>\n<meta name=\"twitter:card\" content=\"summary_large_image\" \/>\n<meta name=\"twitter:label1\" content=\"Tempo di lettura stimato\" \/>\n\t<meta name=\"twitter:data1\" content=\"2 minuti\" \/>\n<script type=\"application\/ld+json\" class=\"yoast-schema-graph\">{\"@context\":\"https:\\\/\\\/schema.org\",\"@graph\":[{\"@type\":\"WebPage\",\"@id\":\"https:\\\/\\\/www.aisearchaudit.ai\\\/it\\\/dichiarazione-di-accessibilita\\\/\",\"url\":\"https:\\\/\\\/www.aisearchaudit.ai\\\/it\\\/dichiarazione-di-accessibilita\\\/\",\"name\":\"Accessibilit\u00e0: la nostra promessa di inclusione | AI Search Audit\",\"isPartOf\":{\"@id\":\"https:\\\/\\\/www.aisearchaudit.ai\\\/it\\\/#website\"},\"datePublished\":\"2025-07-30T07:59:50+00:00\",\"dateModified\":\"2025-12-01T13:33:38+00:00\",\"description\":\"Accessibilit\u00e0: la nostra promessa di inclusione | AI Search Audit\",\"breadcrumb\":{\"@id\":\"https:\\\/\\\/www.aisearchaudit.ai\\\/it\\\/dichiarazione-di-accessibilita\\\/#breadcrumb\"},\"inLanguage\":\"it-IT\",\"potentialAction\":[{\"@type\":\"ReadAction\",\"target\":[\"https:\\\/\\\/www.aisearchaudit.ai\\\/it\\\/dichiarazione-di-accessibilita\\\/\"]}]},{\"@type\":\"BreadcrumbList\",\"@id\":\"https:\\\/\\\/www.aisearchaudit.ai\\\/it\\\/dichiarazione-di-accessibilita\\\/#breadcrumb\",\"itemListElement\":[{\"@type\":\"ListItem\",\"position\":1,\"name\":\"Home\",\"item\":\"https:\\\/\\\/www.aisearchaudit.ai\\\/it\\\/\"},{\"@type\":\"ListItem\",\"position\":2,\"name\":\"Dichiarazione di accessibilit\u00e0\"}]},{\"@type\":\"WebSite\",\"@id\":\"https:\\\/\\\/www.aisearchaudit.ai\\\/it\\\/#website\",\"url\":\"https:\\\/\\\/www.aisearchaudit.ai\\\/it\\\/\",\"name\":\"AI Search Audit\",\"description\":\"Audit your Website  for the Best Prompts\",\"publisher\":{\"@id\":\"https:\\\/\\\/www.aisearchaudit.ai\\\/it\\\/#organization\"},\"potentialAction\":[{\"@type\":\"SearchAction\",\"target\":{\"@type\":\"EntryPoint\",\"urlTemplate\":\"https:\\\/\\\/www.aisearchaudit.ai\\\/it\\\/?s={search_term_string}\"},\"query-input\":{\"@type\":\"PropertyValueSpecification\",\"valueRequired\":true,\"valueName\":\"search_term_string\"}}],\"inLanguage\":\"it-IT\"},{\"@type\":\"Organization\",\"@id\":\"https:\\\/\\\/www.aisearchaudit.ai\\\/it\\\/#organization\",\"name\":\"Audit di ricerca AI\",\"url\":\"https:\\\/\\\/www.aisearchaudit.ai\\\/it\\\/\",\"logo\":{\"@type\":\"ImageObject\",\"inLanguage\":\"it-IT\",\"@id\":\"https:\\\/\\\/www.aisearchaudit.ai\\\/it\\\/#\\\/schema\\\/logo\\\/image\\\/\",\"url\":\"https:\\\/\\\/www.aisearchaudit.ai\\\/wp-content\\\/uploads\\\/2025\\\/09\\\/ai-search-audit-logo-v2.png\",\"contentUrl\":\"https:\\\/\\\/www.aisearchaudit.ai\\\/wp-content\\\/uploads\\\/2025\\\/09\\\/ai-search-audit-logo-v2.png\",\"width\":1001,\"height\":181,\"caption\":\"Audit di ricerca AI\"},\"image\":{\"@id\":\"https:\\\/\\\/www.aisearchaudit.ai\\\/it\\\/#\\\/schema\\\/logo\\\/image\\\/\"}}]}<\/script>\n<!-- \/ Yoast SEO plugin. -->","yoast_head_json":{"title":"Accessibilit\u00e0: la nostra promessa di inclusione | AI Search Audit","description":"Accessibilit\u00e0: la nostra promessa di inclusione | AI Search Audit","robots":{"index":"index","follow":"follow","max-snippet":"max-snippet:-1","max-image-preview":"max-image-preview:large","max-video-preview":"max-video-preview:-1"},"canonical":"https:\/\/www.aisearchaudit.ai\/it\/dichiarazione-di-accessibilita\/","og_locale":"it_IT","og_type":"article","og_title":"Accessibilit\u00e0: la nostra promessa di inclusione | AI Search Audit","og_description":"Accessibilit\u00e0: la nostra promessa di inclusione | AI Search Audit","og_url":"https:\/\/www.aisearchaudit.ai\/it\/dichiarazione-di-accessibilita\/","og_site_name":"AI Search Audit","article_modified_time":"2025-12-01T13:33:38+00:00","twitter_card":"summary_large_image","twitter_misc":{"Tempo di lettura stimato":"2 minuti"},"schema":{"@context":"https:\/\/schema.org","@graph":[{"@type":"WebPage","@id":"https:\/\/www.aisearchaudit.ai\/it\/dichiarazione-di-accessibilita\/","url":"https:\/\/www.aisearchaudit.ai\/it\/dichiarazione-di-accessibilita\/","name":"Accessibilit\u00e0: la nostra promessa di inclusione | AI Search Audit","isPartOf":{"@id":"https:\/\/www.aisearchaudit.ai\/it\/#website"},"datePublished":"2025-07-30T07:59:50+00:00","dateModified":"2025-12-01T13:33:38+00:00","description":"Accessibilit\u00e0: la nostra promessa di inclusione | AI Search Audit","breadcrumb":{"@id":"https:\/\/www.aisearchaudit.ai\/it\/dichiarazione-di-accessibilita\/#breadcrumb"},"inLanguage":"it-IT","potentialAction":[{"@type":"ReadAction","target":["https:\/\/www.aisearchaudit.ai\/it\/dichiarazione-di-accessibilita\/"]}]},{"@type":"BreadcrumbList","@id":"https:\/\/www.aisearchaudit.ai\/it\/dichiarazione-di-accessibilita\/#breadcrumb","itemListElement":[{"@type":"ListItem","position":1,"name":"Home","item":"https:\/\/www.aisearchaudit.ai\/it\/"},{"@type":"ListItem","position":2,"name":"Dichiarazione di accessibilit\u00e0"}]},{"@type":"WebSite","@id":"https:\/\/www.aisearchaudit.ai\/it\/#website","url":"https:\/\/www.aisearchaudit.ai\/it\/","name":"AI Search Audit","description":"Audit your Website  for the Best Prompts","publisher":{"@id":"https:\/\/www.aisearchaudit.ai\/it\/#organization"},"potentialAction":[{"@type":"SearchAction","target":{"@type":"EntryPoint","urlTemplate":"https:\/\/www.aisearchaudit.ai\/it\/?s={search_term_string}"},"query-input":{"@type":"PropertyValueSpecification","valueRequired":true,"valueName":"search_term_string"}}],"inLanguage":"it-IT"},{"@type":"Organization","@id":"https:\/\/www.aisearchaudit.ai\/it\/#organization","name":"Audit di ricerca AI","url":"https:\/\/www.aisearchaudit.ai\/it\/","logo":{"@type":"ImageObject","inLanguage":"it-IT","@id":"https:\/\/www.aisearchaudit.ai\/it\/#\/schema\/logo\/image\/","url":"https:\/\/www.aisearchaudit.ai\/wp-content\/uploads\/2025\/09\/ai-search-audit-logo-v2.png","contentUrl":"https:\/\/www.aisearchaudit.ai\/wp-content\/uploads\/2025\/09\/ai-search-audit-logo-v2.png","width":1001,"height":181,"caption":"Audit di ricerca AI"},"image":{"@id":"https:\/\/www.aisearchaudit.ai\/it\/#\/schema\/logo\/image\/"}}]}},"_links":{"self":[{"href":"https:\/\/www.aisearchaudit.ai\/it\/wp-json\/wp\/v2\/pages\/4627","targetHints":{"allow":["GET"]}}],"collection":[{"href":"https:\/\/www.aisearchaudit.ai\/it\/wp-json\/wp\/v2\/pages"}],"about":[{"href":"https:\/\/www.aisearchaudit.ai\/it\/wp-json\/wp\/v2\/types\/page"}],"author":[{"embeddable":true,"href":"https:\/\/www.aisearchaudit.ai\/it\/wp-json\/wp\/v2\/users\/1"}],"replies":[{"embeddable":true,"href":"https:\/\/www.aisearchaudit.ai\/it\/wp-json\/wp\/v2\/comments?post=4627"}],"version-history":[{"count":1,"href":"https:\/\/www.aisearchaudit.ai\/it\/wp-json\/wp\/v2\/pages\/4627\/revisions"}],"predecessor-version":[{"id":4628,"href":"https:\/\/www.aisearchaudit.ai\/it\/wp-json\/wp\/v2\/pages\/4627\/revisions\/4628"}],"wp:attachment":[{"href":"https:\/\/www.aisearchaudit.ai\/it\/wp-json\/wp\/v2\/media?parent=4627"}],"curies":[{"name":"wp","href":"https:\/\/api.w.org\/{rel}","templated":true}]}}